{"id":1918,"date":"2026-03-18T10:10:33","date_gmt":"2026-03-18T10:10:33","guid":{"rendered":"https:\/\/hostpro.com\/?page_id=1918"},"modified":"2026-03-18T10:11:00","modified_gmt":"2026-03-18T10:11:00","slug":"about","status":"publish","type":"page","link":"https:\/\/hostpro.com\/sk\/about","title":{"rendered":"O n\u00e1s"},"content":{"rendered":"<section\n\tclass=\"section section-banner block1  about block1--va-center\"\n\t>\n\t<div class=\"container\">\n\t\t<div class=\"row\">\n\t\t\t<div class=\"col-12 text-center block1-content\">\n\t\t\t\t\t\t\t\t\t<h1 class=\"section-title\">O n\u00e1s <\/h1>\n\t\t\t\t\n\t\t\t\t\t\t\t\t\t<p class=\"section-subtitle\">Poh\u00e1\u0148an\u00fd dokonalos\u0165ou a silnou pracovnou mor\u00e1lkou<\/p>\n\t\t\t\t\n\t\t\t\t\n\t\t\t\t\n\t\t\t<\/div>\n\t\t<\/div>\n\t<\/div>\n\n\t<\/section>\r\n\r\n<section\n  class=\"section block4 pt-12 pb-6 default type_2\"\n  style=\"--bg-color:#fff; --text-color:#555;\">\n  <div class=\"container\">\n    <div class=\"row\">\n      <div class=\"col\">\n        <h2 class=\"section-title\">\n          Posu\u0148te sa k svojim cie\u013eom        <\/h2>\n\n                  <p class=\"section-subtitle\">Va\u0161e online rie\u0161enie a bezkonkuren\u010dn\u00fd hosting - spojte oba svety <\/p>\n              <\/div>\n    <\/div>\n\n    <div class=\"row justify-content-center mt-3\">\n              <div class=\"col-12 col-md-6 col-xl-4 d-flex align-items-stretch\">\n          <div class=\"block4-item\">\n            <div class=\"block4-head\">\n\n                              <h3 class=\"block4-title\">Bezpe\u010dn\u00e9 ukladanie \u00fadajov<\/h3>\n                <div class=\"block4-icon\"><img decoding=\"async\" class=\"lazy\" src=\"data:image\/gif;base64,R0lGODlhGwAcAIAAAP\/\/\/wAAACH5BAEAAAEALAAAAAAbABwAAAIajI+py+0Po5y02ouz3rz7D4biSJbmiabqVAAAOw==\" data-src=\"\/wp-content\/themes\/hostpro-com\/app\/img\/dist\/m_icon\/m_11.svg\" alt=\"Bezpe\u010dn\u00e9 ukladanie \u00fadajov\"><\/div>              \n            <\/div>\n\n                                      \n          <\/div>\n        <\/div>\n              <div class=\"col-12 col-md-6 col-xl-4 d-flex align-items-stretch\">\n          <div class=\"block4-item\">\n            <div class=\"block4-head\">\n\n                              <h3 class=\"block4-title\">Vysok\u00fd v\u00fdkon na diskoch NVMe SSD<\/h3>\n                <div class=\"block4-icon\"><img decoding=\"async\" class=\"lazy\" src=\"data:image\/gif;base64,R0lGODlhGwAcAIAAAP\/\/\/wAAACH5BAEAAAEALAAAAAAbABwAAAIajI+py+0Po5y02ouz3rz7D4biSJbmiabqVAAAOw==\" data-src=\"\/wp-content\/themes\/hostpro-com\/app\/img\/dist\/m_icon\/m_10.svg\" alt=\"Vysok\u00fd v\u00fdkon na diskoch NVMe SSD\"><\/div>              \n            <\/div>\n\n                                      \n          <\/div>\n        <\/div>\n              <div class=\"col-12 col-md-6 col-xl-4 d-flex align-items-stretch\">\n          <div class=\"block4-item\">\n            <div class=\"block4-head\">\n\n                              <h3 class=\"block4-title\">\u0160pecializovan\u00e1 a priate\u013esk\u00e1 technick\u00e1 podpora<\/h3>\n                <div class=\"block4-icon\"><img decoding=\"async\" class=\"lazy\" src=\"data:image\/gif;base64,R0lGODlhGwAcAIAAAP\/\/\/wAAACH5BAEAAAEALAAAAAAbABwAAAIajI+py+0Po5y02ouz3rz7D4biSJbmiabqVAAAOw==\" data-src=\"\/wp-content\/themes\/hostpro-com\/app\/img\/dist\/m_icon\/m_9.svg\" alt=\"\u0160pecializovan\u00e1 a priate\u013esk\u00e1 technick\u00e1 podpora\"><\/div>              \n            <\/div>\n\n                                      \n          <\/div>\n        <\/div>\n          <\/div>\n  <\/div>\n<\/section>\r\n\r\n\n<section class=\"section block11 pt-6 pb-12\">\n  <div class=\"container\">\n\n    <div class=\"row\">\n      <div class=\"col\">\n                  <h2 class=\"section-title\">Spustil sa, aby v\u00e1m umo\u017enil v\u00fdborne hosti\u0165 <\/h2>        \n              <\/div>\n    <\/div>\n\n    <div class=\"row mt-3\">\n      <div class=\"col-12\">\n        <div class=\"row justify-content-center align-items-stretch\">\n                      <div class=\"col-12 col-lg-6 col-xl-4\">\n              <div class=\"block11-item\">\n                <span class=\"block11-number\">1<\/span>\n                <p class=\"block11-text\">\n                  Na\u0161u spolo\u010dnos\u0165 sme zalo\u017eili s jedinou my\u0161lienkou - vzia\u0165 na\u0161ich z\u00e1kazn\u00edkov na cestu bezstarostn\u00e9ho hostingu. Technick\u00e9 zameranie n\u00e1\u0161ho t\u00edmu n\u00e1s v\u017edy dr\u017ealo na \u0161pi\u010dke, pokia\u013e ide o najnov\u0161ie technol\u00f3gie a servery, ktor\u00e9 n\u00e1m pom\u00e1haj\u00fa pon\u00faka\u0165 hosting na svetovej \u00farovni. \n                <\/p>\n              <\/div>\n            <\/div>\n                      <div class=\"col-12 col-lg-6 col-xl-4\">\n              <div class=\"block11-item\">\n                <span class=\"block11-number\">2<\/span>\n                <p class=\"block11-text\">\n                  Tak ako s\u00fa potreby univerz\u00e1lne, s\u00fa univerz\u00e1lne aj na\u0161e slu\u017eby. Ka\u017ed\u00fd pl\u00e1n prisp\u00f4sob\u00edme va\u0161im jedine\u010dn\u00fdm po\u017eiadavk\u00e1m. Vy hovor\u00edte o spo\u013eahlivom hostingu a my hovor\u00edme za v\u00e1s. Z\u00e1kladom na\u0161ej politiky s\u00fa va\u0161e z\u00e1ujmy. Chceme, aby ste r\u00e1stli a boli \u00faspe\u0161n\u00ed, tak\u017ee ma\u0165 funk\u010dn\u00fa webov\u00fa lokalitu je prv\u00fd krok k t\u00fdmto podnikate\u013esk\u00fdm v\u00fd\u0161in\u00e1m.\n                <\/p>\n              <\/div>\n            <\/div>\n                      <div class=\"col-12 col-lg-6 col-xl-4\">\n              <div class=\"block11-item\">\n                <span class=\"block11-number\">3<\/span>\n                <p class=\"block11-text\">\n                  V\u010faka t\u00edmu, ktor\u00fd sme vybrali ru\u010dne, si m\u00f4\u017eete vychutna\u0165 poradenstvo od na\u0161ich zamestnancov. Ak potrebujete pomoc s konfigur\u00e1ciou hostingu a servera alebo sa stretnete so zamotan\u00fdm technick\u00fdm probl\u00e9mom, n\u00e1\u0161 t\u00edm je tu pre v\u00e1s. \n                <\/p>\n              <\/div>\n            <\/div>\n                  <\/div>\n      <\/div>\n    <\/div>\n\n  <\/div>\n<\/section>\r\n\r\n<section\n  class=\"section block4 py-12 color type_3\"\n  style=\"--bg-color:#72bb26; --text-color:#ffffff; --block-color:#7dc533;\">\n  <div class=\"container\">\n    <div class=\"row\">\n      <div class=\"col\">\n        <h2 class=\"section-title\">\n          \u010co je hnacou silou na\u0161ej spolupr\u00e1ce?        <\/h2>\n\n              <\/div>\n    <\/div>\n\n    <div class=\"row justify-content-center mt-3\">\n              <div class=\"col-12 col-md-6 col-xl-3 d-flex align-items-stretch\">\n          <div class=\"block4-item\">\n            <div class=\"block4-head\">\n\n                              <h3 class=\"block4-title\">Va\u0161e t\u00fa\u017eby<\/h3>\n                <div class=\"block4-icon\"><img decoding=\"async\" class=\"lazy\" src=\"data:image\/gif;base64,R0lGODlhAQABAIAAAP\/\/\/wAAACH5BAEAAAEALAAAAAABAAEAAAICTAEAOw==\" data-src=\"\/wp-content\/themes\/hostpro-com\/app\/img\/dist\/s_icon\/s_35.svg\" alt=\"Va\u0161e t\u00fa\u017eby\"><\/div>              \n            <\/div>\n\n                                          <div class=\"block4-body\">\n                  <div class=\"block4-text\">\n                    Vysn\u00edvajte si to a my v\u00e1m pom\u00f4\u017eeme to dosiahnu\u0165. Podporujeme a ch\u00e1peme va\u0161e snahy a sme v\u017edy pripraven\u00ed poskytn\u00fa\u0165 v\u00e1m n\u00e1stroje, ktor\u00e9 v\u00e1m pom\u00f4\u017eu dosta\u0165 sa na internet.\n                  <\/div>\n                <\/div>\n                          \n          <\/div>\n        <\/div>\n              <div class=\"col-12 col-md-6 col-xl-3 d-flex align-items-stretch\">\n          <div class=\"block4-item\">\n            <div class=\"block4-head\">\n\n                              <h3 class=\"block4-title\">Va\u0161e uistenie<\/h3>\n                <div class=\"block4-icon\"><img decoding=\"async\" class=\"lazy\" src=\"data:image\/gif;base64,R0lGODlhAQABAIAAAP\/\/\/wAAACH5BAEAAAEALAAAAAABAAEAAAICTAEAOw==\" data-src=\"\/wp-content\/themes\/hostpro-com\/app\/img\/dist\/s_icon\/s_35.svg\" alt=\"Va\u0161e uistenie\"><\/div>              \n            <\/div>\n\n                                          <div class=\"block4-body\">\n                  <div class=\"block4-text\">\n                    Bezpe\u010dn\u00fd a spo\u013eahliv\u00fd hosting v\u00e1m pom\u00f4\u017ee by\u0165 si ist\u00fd, \u017ee v\u0161etko p\u00f4jde ako po masle. My v\u0161ak chceme, aby i\u0161li vynikaj\u00faco, a preto sa sna\u017e\u00edme, aby to tak bolo. \n                  <\/div>\n                <\/div>\n                          \n          <\/div>\n        <\/div>\n              <div class=\"col-12 col-md-6 col-xl-3 d-flex align-items-stretch\">\n          <div class=\"block4-item\">\n            <div class=\"block4-head\">\n\n                              <h3 class=\"block4-title\">V\u00e1\u0161 z\u00e1v\u00e4zok<\/h3>\n                <div class=\"block4-icon\"><img decoding=\"async\" class=\"lazy\" src=\"data:image\/gif;base64,R0lGODlhAQABAIAAAP\/\/\/wAAACH5BAEAAAEALAAAAAABAAEAAAICTAEAOw==\" data-src=\"\/wp-content\/themes\/hostpro-com\/app\/img\/dist\/s_icon\/s_35.svg\" alt=\"V\u00e1\u0161 z\u00e1v\u00e4zok\"><\/div>              \n            <\/div>\n\n                                          <div class=\"block4-body\">\n                  <div class=\"block4-text\">\n                    V\u00e1\u017eime si \u010das a obetavos\u0165 na\u0161ich klientov. Udr\u017eiavanie d\u00f4veryhodn\u00fdch a dlhodob\u00fdch vz\u0165ahov s na\u0161imi klientmi je z\u00e1kladom na\u0161ej spolo\u010dnosti. \n                  <\/div>\n                <\/div>\n                          \n          <\/div>\n        <\/div>\n              <div class=\"col-12 col-md-6 col-xl-3 d-flex align-items-stretch\">\n          <div class=\"block4-item\">\n            <div class=\"block4-head\">\n\n                              <h3 class=\"block4-title\">Va\u0161a sp\u00e4tn\u00e1 v\u00e4zba<\/h3>\n                <div class=\"block4-icon\"><img decoding=\"async\" class=\"lazy\" src=\"data:image\/gif;base64,R0lGODlhAQABAIAAAP\/\/\/wAAACH5BAEAAAEALAAAAAABAAEAAAICTAEAOw==\" data-src=\"\/wp-content\/themes\/hostpro-com\/app\/img\/dist\/s_icon\/s_35.svg\" alt=\"Va\u0161a sp\u00e4tn\u00e1 v\u00e4zba\"><\/div>              \n            <\/div>\n\n                                          <div class=\"block4-body\">\n                  <div class=\"block4-text\">\n                    Ak m\u00e1te slov\u00e1 chv\u00e1ly alebo povzbudenia, radi si v\u00e1s vypo\u010dujeme. Zdie\u013eanie va\u0161ich dojmov z n\u00e1\u0161ho hostingu n\u00e1m m\u00f4\u017ee pom\u00f4c\u0165 urobi\u0165 ho pre v\u00e1s e\u0161te lep\u0161\u00edm.\n                  <\/div>\n                <\/div>\n                          \n          <\/div>\n        <\/div>\n          <\/div>\n  <\/div>\n<\/section>","protected":false},"excerpt":{"rendered":"","protected":false},"author":11,"featured_media":0,"parent":0,"menu_order":0,"comment_status":"closed","ping_status":"closed","template":"","meta":{"footnotes":""},"class_list":["post-1918","page","type-page","status-publish","hentry"],"yoast_head":"<!-- This site is optimized with the Yoast SEO plugin v26.3 - https:\/\/yoast.com\/wordpress\/plugins\/seo\/ -->\n<title>About us - Hostpro<\/title>\n<meta name=\"robots\" content=\"index, follow, max-snippet:-1, max-image-preview:large, max-video-preview:-1\" \/>\n<link rel=\"canonical\" href=\"https:\/\/hostpro.com\/sk\/about\/\" \/>\n<meta property=\"og:locale\" content=\"sk_SK\" \/>\n<meta property=\"og:type\" content=\"article\" \/>\n<meta property=\"og:title\" content=\"About us - Hostpro\" \/>\n<meta property=\"og:url\" content=\"https:\/\/hostpro.com\/sk\/about\/\" \/>\n<meta property=\"og:site_name\" content=\"Hostpro\" \/>\n<meta property=\"article:modified_time\" content=\"2026-03-18T10:11:00+00:00\" \/>\n<meta property=\"og:image\" content=\"https:\/\/hostpro.com\/wp-content\/themes\/hostpro-com\/app\/img\/media\/2020\/11\/HostPro_preview.png\" \/>\n\t<meta property=\"og:image:width\" content=\"1171\" \/>\n\t<meta property=\"og:image:height\" content=\"615\" \/>\n\t<meta property=\"og:image:type\" content=\"image\/png\" \/>\n<meta name=\"twitter:card\" content=\"summary_large_image\" \/>\n<script type=\"application\/ld+json\" class=\"yoast-schema-graph\">{\"@context\":\"https:\/\/schema.org\",\"@graph\":[{\"@type\":\"WebPage\",\"@id\":\"https:\/\/hostpro.com\/about\/\",\"url\":\"https:\/\/hostpro.com\/about\/\",\"name\":\"About us - Hostpro\",\"isPartOf\":{\"@id\":\"https:\/\/hostpro.com\/#website\"},\"datePublished\":\"2026-03-18T10:10:33+00:00\",\"dateModified\":\"2026-03-18T10:11:00+00:00\",\"breadcrumb\":{\"@id\":\"https:\/\/hostpro.com\/about\/#breadcrumb\"},\"inLanguage\":\"sk-SK\",\"potentialAction\":[{\"@type\":\"ReadAction\",\"target\":[\"https:\/\/hostpro.com\/about\/\"]}]},{\"@type\":\"BreadcrumbList\",\"@id\":\"https:\/\/hostpro.com\/about\/#breadcrumb\",\"itemListElement\":[{\"@type\":\"ListItem\",\"position\":1,\"name\":\"Home\",\"item\":\"https:\/\/hostpro.com\/\"},{\"@type\":\"ListItem\",\"position\":2,\"name\":\"About us\"}]},{\"@type\":\"WebSite\",\"@id\":\"https:\/\/hostpro.com\/#website\",\"url\":\"https:\/\/hostpro.com\/\",\"name\":\"Hostpro\",\"description\":\"\",\"publisher\":{\"@id\":\"https:\/\/hostpro.com\/#organization\"},\"potentialAction\":[{\"@type\":\"SearchAction\",\"target\":{\"@type\":\"EntryPoint\",\"urlTemplate\":\"https:\/\/hostpro.com\/?s={search_term_string}\"},\"query-input\":{\"@type\":\"PropertyValueSpecification\",\"valueRequired\":true,\"valueName\":\"search_term_string\"}}],\"inLanguage\":\"sk-SK\"},{\"@type\":\"Organization\",\"@id\":\"https:\/\/hostpro.com\/#organization\",\"name\":\"Hostpro\",\"url\":\"https:\/\/hostpro.com\/\",\"logo\":{\"@type\":\"ImageObject\",\"inLanguage\":\"sk-SK\",\"@id\":\"https:\/\/hostpro.com\/#\/schema\/logo\/image\/\",\"url\":\"https:\/\/hostpro.com\/wp-content\/themes\/hostpro-com\/app\/img\/media\/2020\/04\/logo_soc.png\",\"contentUrl\":\"https:\/\/hostpro.com\/wp-content\/themes\/hostpro-com\/app\/img\/media\/2020\/04\/logo_soc.png\",\"width\":300,\"height\":300,\"caption\":\"Hostpro\"},\"image\":{\"@id\":\"https:\/\/hostpro.com\/#\/schema\/logo\/image\/\"}}]}<\/script>\n<!-- \/ Yoast SEO plugin. -->","yoast_head_json":{"title":"O n\u00e1s - Hostpro","robots":{"index":"index","follow":"follow","max-snippet":"max-snippet:-1","max-image-preview":"max-image-preview:large","max-video-preview":"max-video-preview:-1"},"canonical":"https:\/\/hostpro.com\/sk\/about\/","og_locale":"sk_SK","og_type":"article","og_title":"About us - Hostpro","og_url":"https:\/\/hostpro.com\/sk\/about\/","og_site_name":"Hostpro","article_modified_time":"2026-03-18T10:11:00+00:00","og_image":[{"width":1171,"height":615,"url":"https:\/\/hostpro.com\/wp-content\/themes\/hostpro-com\/app\/img\/media\/2020\/11\/HostPro_preview.png","type":"image\/png"}],"twitter_card":"summary_large_image","schema":{"@context":"https:\/\/schema.org","@graph":[{"@type":"WebPage","@id":"https:\/\/hostpro.com\/about\/","url":"https:\/\/hostpro.com\/about\/","name":"O n\u00e1s - Hostpro","isPartOf":{"@id":"https:\/\/hostpro.com\/#website"},"datePublished":"2026-03-18T10:10:33+00:00","dateModified":"2026-03-18T10:11:00+00:00","breadcrumb":{"@id":"https:\/\/hostpro.com\/about\/#breadcrumb"},"inLanguage":"sk-SK","potentialAction":[{"@type":"ReadAction","target":["https:\/\/hostpro.com\/about\/"]}]},{"@type":"BreadcrumbList","@id":"https:\/\/hostpro.com\/about\/#breadcrumb","itemListElement":[{"@type":"ListItem","position":1,"name":"Home","item":"https:\/\/hostpro.com\/"},{"@type":"ListItem","position":2,"name":"About us"}]},{"@type":"WebSite","@id":"https:\/\/hostpro.com\/#website","url":"https:\/\/hostpro.com\/","name":"Hostpro","description":"","publisher":{"@id":"https:\/\/hostpro.com\/#organization"},"potentialAction":[{"@type":"SearchAction","target":{"@type":"EntryPoint","urlTemplate":"https:\/\/hostpro.com\/?s={search_term_string}"},"query-input":{"@type":"PropertyValueSpecification","valueRequired":true,"valueName":"search_term_string"}}],"inLanguage":"sk-SK"},{"@type":"Organization","@id":"https:\/\/hostpro.com\/#organization","name":"Hostpro","url":"https:\/\/hostpro.com\/","logo":{"@type":"ImageObject","inLanguage":"sk-SK","@id":"https:\/\/hostpro.com\/#\/schema\/logo\/image\/","url":"https:\/\/hostpro.com\/wp-content\/themes\/hostpro-com\/app\/img\/media\/2020\/04\/logo_soc.png","contentUrl":"https:\/\/hostpro.com\/wp-content\/themes\/hostpro-com\/app\/img\/media\/2020\/04\/logo_soc.png","width":300,"height":300,"caption":"Hostpro"},"image":{"@id":"https:\/\/hostpro.com\/#\/schema\/logo\/image\/"}}]}},"_links":{"self":[{"href":"https:\/\/hostpro.com\/sk\/wp-json\/wp\/v2\/pages\/1918","targetHints":{"allow":["GET"]}}],"collection":[{"href":"https:\/\/hostpro.com\/sk\/wp-json\/wp\/v2\/pages"}],"about":[{"href":"https:\/\/hostpro.com\/sk\/wp-json\/wp\/v2\/types\/page"}],"author":[{"embeddable":true,"href":"https:\/\/hostpro.com\/sk\/wp-json\/wp\/v2\/users\/11"}],"replies":[{"embeddable":true,"href":"https:\/\/hostpro.com\/sk\/wp-json\/wp\/v2\/comments?post=1918"}],"version-history":[{"count":3,"href":"https:\/\/hostpro.com\/sk\/wp-json\/wp\/v2\/pages\/1918\/revisions"}],"predecessor-version":[{"id":2023,"href":"https:\/\/hostpro.com\/sk\/wp-json\/wp\/v2\/pages\/1918\/revisions\/2023"}],"wp:attachment":[{"href":"https:\/\/hostpro.com\/sk\/wp-json\/wp\/v2\/media?parent=1918"}],"curies":[{"name":"wp","href":"https:\/\/api.w.org\/{rel}","templated":true}]}}