{"id":1984,"date":"2026-03-18T10:13:29","date_gmt":"2026-03-18T10:13:29","guid":{"rendered":"https:\/\/hostpro.com\/?page_id=1984"},"modified":"2026-03-19T14:03:12","modified_gmt":"2026-03-19T14:03:12","slug":"contacts","status":"publish","type":"page","link":"https:\/\/hostpro.com\/sk\/contacts","title":{"rendered":"Kontakty"},"content":{"rendered":"<section\n\tclass=\"section section-banner block1   block1--va-center\"\n\t>\n\t<div class=\"container\">\n\t\t<div class=\"row\">\n\t\t\t<div class=\"col-12 col-lg-7 col-xxl-6 block1-content\">\n\t\t\t\t\t\t\t\t\t<h1 class=\"section-title\">Kontaktujte n\u00e1s!<\/h1>\n\t\t\t\t\n\t\t\t\t\t\t\t\t\t<p class=\"section-subtitle\">Chcete zada\u0165 objedn\u00e1vku alebo sa jednoducho spoji\u0165 a vyrie\u0161i\u0165 nejak\u00e9 technick\u00e9 probl\u00e9my?<\/p>\n\t\t\t\t\n\t\t\t\t\t\t\t\t\t<div class=\"block1-actions\">\n\t\t\t\t\t\t<a href=\"\/billing\/submitticket.php\/?step=2&#038;deptid=1\" class=\"btn btn-primary ga-contacts-block1-primary-btn\" style=\"--btn-bg:#3e83f4;--btn-color:#ffffff\">Nap\u00ed\u0161te n\u00e1m<\/a>\t\t\t\t\t<\/div>\n\t\t\t\t\n\t\t\t\t\n\t\t\t<\/div>\n\t\t<\/div>\n\t<\/div>\n\n\t<div class=\"block1-image\"><img decoding=\"async\" src=\"\/wp-content\/themes\/hostpro-com\/app\/img\/dist\/banners\/contacts.svg\" alt=\"Banner\" \/><\/div><\/section>\n\n\n<section class=\"section block10 pt-6 pb-12\">\n  <div class=\"container\">\n\n    <div class=\"row\">\n      <div class=\"col\">\n        <h2 class=\"section-title\">Sme k dispoz\u00edcii 24 hod\u00edn denne, 7 dn\u00ed v t\u00fd\u017edni<\/h2><p class=\"section-subtitle\">Ak m\u00e1te technick\u00e9 probl\u00e9my alebo sa neviete rozhodn\u00fa\u0165, ktor\u00fd pl\u00e1n si vybra\u0165, radi v\u00e1m pom\u00f4\u017eeme.<\/p>      <\/div>\n    <\/div>\n\n    <div class=\"row mt-3\">\n      <div class=\"col-12\">\n        <div class=\"block10-wrap\">\n\n                      <div class=\"block10-item\">\n              <div class=\"block10-body\">\n                <h3>Technick\u00e1 podpora<\/h3>\n\n                <div class=\"block10-text\">\n                  <strong class=\"font-24\">24\/7<\/strong>                <\/div>\n\n                                                                        <div class=\"block10-link\">\n                      <a href=\"mailto:support@hostpro.com\">\n                        support@hostpro.com                      <\/a>\n                    <\/div>\n                                                <\/div>\n\n              <div class=\"block10-img\"><img decoding=\"async\" class=\"lazy\" src=\"\" data-src=\"\/wp-content\/themes\/hostpro-com\/app\/img\/dist\/contacts\/support.svg\" alt=\"ikona\"><\/div>            <\/div>\n                      <div class=\"block10-item\">\n              <div class=\"block10-body\">\n                <h3>Affiliate program<\/h3>\n\n                <div class=\"block10-text\">\n                  Pondelok - piatok\n<strong>10:00 - 18:00 hod.<\/strong>                <\/div>\n\n                                                                        <div class=\"block10-link\">\n                      <a href=\"mailto:affiliates@hostpro.com\">\n                        affiliates@hostpro.com                      <\/a>\n                    <\/div>\n                                                <\/div>\n\n              <div class=\"block10-img\"><img decoding=\"async\" class=\"lazy\" src=\"\" data-src=\"\/wp-content\/themes\/hostpro-com\/app\/img\/dist\/contacts\/affiliates.svg\" alt=\"ikona\"><\/div>            <\/div>\n          \n        <\/div>\n      <\/div>\n    <\/div>\n\n    \n    <div class=\"row mt-12\">\n      <div class=\"col-12\">\n        <h2 class=\"section-title\">Umiestnenie na\u0161ej kancel\u00e1rie<\/h2>\n\n        <div class=\"block10-text text-center\">\n          <p>Giannoston 7 Royal Heaven Villas<\/p>\n          <p>Limassol<\/p>\n          <p>4046 Germasogeia<\/p>\n          <p>Cyprus<\/p>\n          <strong class=\"font-24 mt-2\">HOSTPROAXIS LTD<\/strong>\n        <\/div>\n      <\/div>\n    <\/div>\n\n  <\/div>\n<\/section>","protected":false},"excerpt":{"rendered":"","protected":false},"author":11,"featured_media":0,"parent":0,"menu_order":0,"comment_status":"closed","ping_status":"closed","template":"","meta":{"footnotes":""},"class_list":["post-1984","page","type-page","status-publish","hentry"],"yoast_head":"<!-- This site is optimized with the Yoast SEO plugin v26.3 - https:\/\/yoast.com\/wordpress\/plugins\/seo\/ -->\n<title>Contacts - Hostpro<\/title>\n<meta name=\"robots\" content=\"index, follow, max-snippet:-1, max-image-preview:large, max-video-preview:-1\" \/>\n<link rel=\"canonical\" href=\"https:\/\/hostpro.com\/sk\/contacts\/\" \/>\n<meta property=\"og:locale\" content=\"sk_SK\" \/>\n<meta property=\"og:type\" content=\"article\" \/>\n<meta property=\"og:title\" content=\"Contacts - Hostpro\" \/>\n<meta property=\"og:url\" content=\"https:\/\/hostpro.com\/sk\/contacts\/\" \/>\n<meta property=\"og:site_name\" content=\"Hostpro\" \/>\n<meta property=\"article:modified_time\" content=\"2026-03-19T14:03:12+00:00\" \/>\n<meta property=\"og:image\" content=\"https:\/\/hostpro.com\/wp-content\/themes\/hostpro-com\/app\/img\/media\/2020\/11\/HostPro_preview.png\" \/>\n\t<meta property=\"og:image:width\" content=\"1171\" \/>\n\t<meta property=\"og:image:height\" content=\"615\" \/>\n\t<meta property=\"og:image:type\" content=\"image\/png\" \/>\n<meta name=\"twitter:card\" content=\"summary_large_image\" \/>\n<script type=\"application\/ld+json\" class=\"yoast-schema-graph\">{\"@context\":\"https:\/\/schema.org\",\"@graph\":[{\"@type\":\"WebPage\",\"@id\":\"https:\/\/hostpro.com\/contacts\/\",\"url\":\"https:\/\/hostpro.com\/contacts\/\",\"name\":\"Contacts - Hostpro\",\"isPartOf\":{\"@id\":\"https:\/\/hostpro.com\/#website\"},\"datePublished\":\"2026-03-18T10:13:29+00:00\",\"dateModified\":\"2026-03-19T14:03:12+00:00\",\"breadcrumb\":{\"@id\":\"https:\/\/hostpro.com\/contacts\/#breadcrumb\"},\"inLanguage\":\"sk-SK\",\"potentialAction\":[{\"@type\":\"ReadAction\",\"target\":[\"https:\/\/hostpro.com\/contacts\/\"]}]},{\"@type\":\"BreadcrumbList\",\"@id\":\"https:\/\/hostpro.com\/contacts\/#breadcrumb\",\"itemListElement\":[{\"@type\":\"ListItem\",\"position\":1,\"name\":\"Home\",\"item\":\"https:\/\/hostpro.com\/\"},{\"@type\":\"ListItem\",\"position\":2,\"name\":\"Contacts\"}]},{\"@type\":\"WebSite\",\"@id\":\"https:\/\/hostpro.com\/#website\",\"url\":\"https:\/\/hostpro.com\/\",\"name\":\"Hostpro\",\"description\":\"\",\"publisher\":{\"@id\":\"https:\/\/hostpro.com\/#organization\"},\"potentialAction\":[{\"@type\":\"SearchAction\",\"target\":{\"@type\":\"EntryPoint\",\"urlTemplate\":\"https:\/\/hostpro.com\/?s={search_term_string}\"},\"query-input\":{\"@type\":\"PropertyValueSpecification\",\"valueRequired\":true,\"valueName\":\"search_term_string\"}}],\"inLanguage\":\"sk-SK\"},{\"@type\":\"Organization\",\"@id\":\"https:\/\/hostpro.com\/#organization\",\"name\":\"Hostpro\",\"url\":\"https:\/\/hostpro.com\/\",\"logo\":{\"@type\":\"ImageObject\",\"inLanguage\":\"sk-SK\",\"@id\":\"https:\/\/hostpro.com\/#\/schema\/logo\/image\/\",\"url\":\"https:\/\/hostpro.com\/wp-content\/themes\/hostpro-com\/app\/img\/media\/2020\/04\/logo_soc.png\",\"contentUrl\":\"https:\/\/hostpro.com\/wp-content\/themes\/hostpro-com\/app\/img\/media\/2020\/04\/logo_soc.png\",\"width\":300,\"height\":300,\"caption\":\"Hostpro\"},\"image\":{\"@id\":\"https:\/\/hostpro.com\/#\/schema\/logo\/image\/\"}}]}<\/script>\n<!-- \/ Yoast SEO plugin. -->","yoast_head_json":{"title":"Kontakty - Hostpro","robots":{"index":"index","follow":"follow","max-snippet":"max-snippet:-1","max-image-preview":"max-image-preview:large","max-video-preview":"max-video-preview:-1"},"canonical":"https:\/\/hostpro.com\/sk\/contacts\/","og_locale":"sk_SK","og_type":"article","og_title":"Contacts - Hostpro","og_url":"https:\/\/hostpro.com\/sk\/contacts\/","og_site_name":"Hostpro","article_modified_time":"2026-03-19T14:03:12+00:00","og_image":[{"width":1171,"height":615,"url":"https:\/\/hostpro.com\/wp-content\/themes\/hostpro-com\/app\/img\/media\/2020\/11\/HostPro_preview.png","type":"image\/png"}],"twitter_card":"summary_large_image","schema":{"@context":"https:\/\/schema.org","@graph":[{"@type":"WebPage","@id":"https:\/\/hostpro.com\/contacts\/","url":"https:\/\/hostpro.com\/contacts\/","name":"Kontakty - Hostpro","isPartOf":{"@id":"https:\/\/hostpro.com\/#website"},"datePublished":"2026-03-18T10:13:29+00:00","dateModified":"2026-03-19T14:03:12+00:00","breadcrumb":{"@id":"https:\/\/hostpro.com\/contacts\/#breadcrumb"},"inLanguage":"sk-SK","potentialAction":[{"@type":"ReadAction","target":["https:\/\/hostpro.com\/contacts\/"]}]},{"@type":"BreadcrumbList","@id":"https:\/\/hostpro.com\/contacts\/#breadcrumb","itemListElement":[{"@type":"ListItem","position":1,"name":"Home","item":"https:\/\/hostpro.com\/"},{"@type":"ListItem","position":2,"name":"Contacts"}]},{"@type":"WebSite","@id":"https:\/\/hostpro.com\/#website","url":"https:\/\/hostpro.com\/","name":"Hostpro","description":"","publisher":{"@id":"https:\/\/hostpro.com\/#organization"},"potentialAction":[{"@type":"SearchAction","target":{"@type":"EntryPoint","urlTemplate":"https:\/\/hostpro.com\/?s={search_term_string}"},"query-input":{"@type":"PropertyValueSpecification","valueRequired":true,"valueName":"search_term_string"}}],"inLanguage":"sk-SK"},{"@type":"Organization","@id":"https:\/\/hostpro.com\/#organization","name":"Hostpro","url":"https:\/\/hostpro.com\/","logo":{"@type":"ImageObject","inLanguage":"sk-SK","@id":"https:\/\/hostpro.com\/#\/schema\/logo\/image\/","url":"https:\/\/hostpro.com\/wp-content\/themes\/hostpro-com\/app\/img\/media\/2020\/04\/logo_soc.png","contentUrl":"https:\/\/hostpro.com\/wp-content\/themes\/hostpro-com\/app\/img\/media\/2020\/04\/logo_soc.png","width":300,"height":300,"caption":"Hostpro"},"image":{"@id":"https:\/\/hostpro.com\/#\/schema\/logo\/image\/"}}]}},"_links":{"self":[{"href":"https:\/\/hostpro.com\/sk\/wp-json\/wp\/v2\/pages\/1984","targetHints":{"allow":["GET"]}}],"collection":[{"href":"https:\/\/hostpro.com\/sk\/wp-json\/wp\/v2\/pages"}],"about":[{"href":"https:\/\/hostpro.com\/sk\/wp-json\/wp\/v2\/types\/page"}],"author":[{"embeddable":true,"href":"https:\/\/hostpro.com\/sk\/wp-json\/wp\/v2\/users\/11"}],"replies":[{"embeddable":true,"href":"https:\/\/hostpro.com\/sk\/wp-json\/wp\/v2\/comments?post=1984"}],"version-history":[{"count":3,"href":"https:\/\/hostpro.com\/sk\/wp-json\/wp\/v2\/pages\/1984\/revisions"}],"predecessor-version":[{"id":2160,"href":"https:\/\/hostpro.com\/sk\/wp-json\/wp\/v2\/pages\/1984\/revisions\/2160"}],"wp:attachment":[{"href":"https:\/\/hostpro.com\/sk\/wp-json\/wp\/v2\/media?parent=1984"}],"curies":[{"name":"wp","href":"https:\/\/api.w.org\/{rel}","templated":true}]}}