{"id":2028,"date":"2026-03-18T10:46:29","date_gmt":"2026-03-18T10:46:29","guid":{"rendered":"https:\/\/hostpro.com\/?page_id=2028"},"modified":"2026-03-18T10:46:35","modified_gmt":"2026-03-18T10:46:35","slug":"limits-table","status":"publish","type":"page","link":"https:\/\/hostpro.com\/sk\/limits-table","title":{"rendered":"Tabu\u013eka limitov"},"content":{"rendered":"<section class=\"section block12 py-12\" style=\"--bg-color: #fff; --text-color: #555;\">\n  <div class=\"container\">\n          <div class=\"row mb-2\">\n        <div class=\"col\">\n                      <h2 class=\"section-title\">\n              Tabu\u013eka limitov            <\/h2>\n          \n                  <\/div>\n      <\/div>\n    \n          <div class=\"row mt-8\">\n        <div class=\"col\">\n          <div style=\"text-align: left;\">\n            <h3 style=\"text-align: center;\">Obmedzenia zdrojov pre be\u017en\u00e9 pl\u00e1ny<\/h3>\n<table width=\"100%\" cellpadding=\"7\">\n<tbody>\n<tr>\n<td>\u00a0<\/td>\n<td style=\"text-align: center;\"><strong>Disk, GB<\/strong><\/td>\n<td style=\"text-align: center;\"><strong>Pam\u00e4\u0165 pre PHP (PMEM), MB<\/strong><\/td>\n<td style=\"text-align: center;\"><strong>CPU, % za hodinu<\/strong><\/td>\n<td style=\"text-align: center;\"><strong>CPU, po\u010det vl\u00e1kien<\/strong><\/td>\n<td style=\"text-align: center;\"><strong>Pam\u00e4\u0165 (RAM), MB<\/strong><\/td>\n<td style=\"text-align: center;\"><strong>Po\u010det webov\u00fdch str\u00e1nok, kusov<\/strong><\/td>\n<td style=\"text-align: center;\"><strong>Ovl\u00e1dac\u00ed panel<\/strong><\/td>\n<td style=\"text-align: center;\"><strong>Indexov\u00e9 deskriptory (inode)<\/strong><\/td>\n<td style=\"text-align: center;\"><strong>max_user_connections (MySQL\/MariaDB)<\/strong><\/td>\n<\/tr>\n<tr>\n<td><a class=\"link blue\" href=\"https:\/\/hostpro.com\/sk\/web-hosting\/\" target=\"_blank\" rel=\"noopener\"> Jednoduch\u00e9<\/a><\/td>\n<td style=\"text-align: center;\">10<\/td>\n<td style=\"text-align: center;\">512<\/td>\n<td style=\"text-align: center;\">25<\/td>\n<td style=\"text-align: center;\">\u00a0<\/td>\n<td style=\"text-align: center;\">512<\/td>\n<td style=\"text-align: center;\">2<\/td>\n<td style=\"text-align: center;\">DirectAdmin, cPanel<\/td>\n<td style=\"text-align: center;\">300 000<\/td>\n<td style=\"text-align: center;\">30<\/td>\n<\/tr>\n<tr>\n<td><a class=\"link blue\" href=\"https:\/\/hostpro.com\/sk\/web-hosting\/\" target=\"_blank\" rel=\"noopener\"> Siln\u00fd<\/a><\/td>\n<td style=\"text-align: center;\">20<\/td>\n<td style=\"text-align: center;\">1024<\/td>\n<td style=\"text-align: center;\">25<\/td>\n<td style=\"text-align: center;\">\u00a0<\/td>\n<td style=\"text-align: center;\">1024<\/td>\n<td style=\"text-align: center;\">15<\/td>\n<td style=\"text-align: center;\">DirectAdmin, cPanel<\/td>\n<td style=\"text-align: center;\">500 000<\/td>\n<td style=\"text-align: center;\">30<\/td>\n<\/tr>\n<tr>\n<td><a class=\"link blue\" href=\"https:\/\/hostpro.com\/sk\/web-hosting\/\" target=\"_blank\" rel=\"noopener\"> V\u00fdkonn\u00fd<\/a><\/td>\n<td style=\"text-align: center;\">30<\/td>\n<td style=\"text-align: center;\">1536<\/td>\n<td style=\"text-align: center;\">25<\/td>\n<td style=\"text-align: center;\">\u00a0<\/td>\n<td style=\"text-align: center;\">1536<\/td>\n<td style=\"text-align: center;\">25<\/td>\n<td style=\"text-align: center;\">DirectAdmin, cPanel<\/td>\n<td style=\"text-align: center;\">700 000<\/td>\n<td style=\"text-align: center;\">30<\/td>\n<\/tr>\n<tr>\n<td>Extra mal\u00e9<\/td>\n<td style=\"text-align: center;\">1<\/td>\n<td style=\"text-align: center;\">128<\/td>\n<td style=\"text-align: center;\">25<\/td>\n<td style=\"text-align: center;\">\u00a0<\/td>\n<td style=\"text-align: center;\">128<\/td>\n<td style=\"text-align: center;\">1<\/td>\n<td style=\"text-align: center;\">DirectAdmin, cPanel<\/td>\n<td style=\"text-align: center;\">50 000<\/td>\n<td style=\"text-align: center;\">30<\/td>\n<\/tr>\n<tr>\n<td>Mal\u00e9<\/td>\n<td style=\"text-align: center;\">10<\/td>\n<td style=\"text-align: center;\">256<\/td>\n<td style=\"text-align: center;\">25<\/td>\n<td style=\"text-align: center;\">\u00a0<\/td>\n<td style=\"text-align: center;\">256<\/td>\n<td style=\"text-align: center;\">1<\/td>\n<td style=\"text-align: center;\">DirectAdmin, cPanel<\/td>\n<td style=\"text-align: center;\">100 000<\/td>\n<td style=\"text-align: center;\">30<\/td>\n<\/tr>\n<tr>\n<td>Z\u00e1kladn\u00e9<\/td>\n<td style=\"text-align: center;\">20<\/td>\n<td style=\"text-align: center;\">512<\/td>\n<td style=\"text-align: center;\">25<\/td>\n<td style=\"text-align: center;\">\u00a0<\/td>\n<td style=\"text-align: center;\">512<\/td>\n<td style=\"text-align: center;\">Neobmedzen\u00e9<\/td>\n<td style=\"text-align: center;\">DirectAdmin, cPanel<\/td>\n<td style=\"text-align: center;\">300 000<\/td>\n<td style=\"text-align: center;\">30<\/td>\n<\/tr>\n<tr>\n<td>Stred<\/td>\n<td style=\"text-align: center;\">35<\/td>\n<td style=\"text-align: center;\">1024<\/td>\n<td style=\"text-align: center;\">25<\/td>\n<td style=\"text-align: center;\">\u00a0<\/td>\n<td style=\"text-align: center;\">1024<\/td>\n<td style=\"text-align: center;\">Neobmedzen\u00e9<\/td>\n<td style=\"text-align: center;\">DirectAdmin, cPanel<\/td>\n<td style=\"text-align: center;\">500 000<\/td>\n<td style=\"text-align: center;\">30<\/td>\n<\/tr>\n<tr>\n<td>Ve\u013ek\u00e9<\/td>\n<td style=\"text-align: center;\">50<\/td>\n<td style=\"text-align: center;\">2048<\/td>\n<td style=\"text-align: center;\">25<\/td>\n<td style=\"text-align: center;\">\u00a0<\/td>\n<td style=\"text-align: center;\">2048<\/td>\n<td style=\"text-align: center;\">Neobmedzen\u00e9<\/td>\n<td style=\"text-align: center;\">DirectAdmin, cPanel<\/td>\n<td style=\"text-align: center;\">750 000<\/td>\n<td style=\"text-align: center;\">30<\/td>\n<\/tr>\n<tr>\n<td><a class=\"link blue\" href=\"https:\/\/hostpro.com\/sk\/wordpress-hosting\/\" target=\"_blank\" rel=\"noopener\"> \u0160tart<\/a><\/td>\n<td style=\"text-align: center;\">20<\/td>\n<td style=\"text-align: center;\">512<\/td>\n<td style=\"text-align: center;\">25<\/td>\n<td style=\"text-align: center;\">\u00a0<\/td>\n<td style=\"text-align: center;\">512<\/td>\n<td style=\"text-align: center;\">5<\/td>\n<td style=\"text-align: center;\">cPanel<\/td>\n<td style=\"text-align: center;\">300 000<\/td>\n<td style=\"text-align: center;\">30<\/td>\n<\/tr>\n<tr>\n<td><a class=\"link blue\" href=\"https:\/\/hostpro.com\/sk\/wordpress-hosting\/\" target=\"_blank\" rel=\"noopener\"> Pro<\/a><\/td>\n<td style=\"text-align: center;\">30<\/td>\n<td style=\"text-align: center;\">1024<\/td>\n<td style=\"text-align: center;\">25<\/td>\n<td style=\"text-align: center;\">\u00a0<\/td>\n<td style=\"text-align: center;\">1024<\/td>\n<td style=\"text-align: center;\">15<\/td>\n<td style=\"text-align: center;\">cPanel<\/td>\n<td style=\"text-align: center;\">500 000<\/td>\n<td style=\"text-align: center;\">30<\/td>\n<\/tr>\n<tr>\n<td><a class=\"link blue\" href=\"https:\/\/hostpro.com\/sk\/wordpress-hosting\/\" target=\"_blank\" rel=\"noopener\"> Obchod<\/a><\/td>\n<td style=\"text-align: center;\">60<\/td>\n<td style=\"text-align: center;\">1536<\/td>\n<td style=\"text-align: center;\">25<\/td>\n<td style=\"text-align: center;\">\u00a0<\/td>\n<td style=\"text-align: center;\">1536<\/td>\n<td style=\"text-align: center;\">30<\/td>\n<td style=\"text-align: center;\">cPanel<\/td>\n<td style=\"text-align: center;\">700 000<\/td>\n<td style=\"text-align: center;\">30<\/td>\n<\/tr>\n<tr>\n<td><a class=\"link blue\" href=\"https:\/\/hostpro.com\/sk\/linux-vps\/\" target=\"_blank\" rel=\"noopener\"> NVMe VPS-1<\/a><\/td>\n<td style=\"text-align: center;\">100<\/td>\n<td style=\"text-align: center;\">Neobmedzen\u00e9<\/td>\n<td style=\"text-align: center;\">\u00a0<\/td>\n<td style=\"text-align: center;\">2<\/td>\n<td style=\"text-align: center;\">4096<\/td>\n<td style=\"text-align: center;\">Neobmedzen\u00e9<\/td>\n<td style=\"text-align: center;\">DirectAdmin, cPanel (ak si chcete vybra\u0165 in\u00fd panel, kontaktujte na\u0161u podporu)<\/td>\n<td style=\"text-align: center;\">D\u00e1 sa prisp\u00f4sobi\u0165<\/td>\n<td style=\"text-align: center;\">D\u00e1 sa prisp\u00f4sobi\u0165<\/td>\n<\/tr>\n<tr>\n<td><a class=\"link blue\" href=\"https:\/\/hostpro.com\/sk\/linux-vps\/\" target=\"_blank\" rel=\"noopener\"> NVMe VPS-2<\/a><\/td>\n<td style=\"text-align: center;\">160<\/td>\n<td style=\"text-align: center;\">Neobmedzen\u00e9<\/td>\n<td style=\"text-align: center;\">\u00a0<\/td>\n<td style=\"text-align: center;\">2<\/td>\n<td style=\"text-align: center;\">8192<\/td>\n<td style=\"text-align: center;\">Neobmedzen\u00e9<\/td>\n<td style=\"text-align: center;\">DirectAdmin, cPanel (ak si chcete vybra\u0165 in\u00fd panel, kontaktujte na\u0161u podporu)<\/td>\n<td style=\"text-align: center;\">D\u00e1 sa prisp\u00f4sobi\u0165<\/td>\n<td style=\"text-align: center;\">D\u00e1 sa prisp\u00f4sobi\u0165<\/td>\n<\/tr>\n<tr>\n<td><a class=\"link blue\" href=\"https:\/\/hostpro.com\/sk\/linux-vps\/\" target=\"_blank\" rel=\"noopener\"> NVMe VPS-3<\/a><\/td>\n<td style=\"text-align: center;\">200<\/td>\n<td style=\"text-align: center;\">Neobmedzen\u00e9<\/td>\n<td style=\"text-align: center;\">\u00a0<\/td>\n<td style=\"text-align: center;\">4<\/td>\n<td style=\"text-align: center;\">12288<\/td>\n<td style=\"text-align: center;\">Neobmedzen\u00e9<\/td>\n<td style=\"text-align: center;\">DirectAdmin, cPanel (ak si chcete vybra\u0165 in\u00fd panel, kontaktujte na\u0161u podporu)<\/td>\n<td style=\"text-align: center;\">D\u00e1 sa prisp\u00f4sobi\u0165<\/td>\n<td style=\"text-align: center;\">D\u00e1 sa prisp\u00f4sobi\u0165<\/td>\n<\/tr>\n<tr>\n<td><a class=\"link blue\" href=\"https:\/\/hostpro.com\/sk\/linux-vps\/\" target=\"_blank\" rel=\"noopener\"> NVMe VPS-4<\/a><\/td>\n<td style=\"text-align: center;\">320<\/td>\n<td style=\"text-align: center;\">Neobmedzen\u00e9<\/td>\n<td style=\"text-align: center;\">\u00a0<\/td>\n<td style=\"text-align: center;\">8<\/td>\n<td style=\"text-align: center;\">16384<\/td>\n<td style=\"text-align: center;\">Neobmedzen\u00e9<\/td>\n<td style=\"text-align: center;\">DirectAdmin, cPanel (ak si chcete vybra\u0165 in\u00fd panel, kontaktujte na\u0161u podporu)<\/td>\n<td style=\"text-align: center;\">D\u00e1 sa prisp\u00f4sobi\u0165<\/td>\n<td style=\"text-align: center;\">D\u00e1 sa prisp\u00f4sobi\u0165<\/td>\n<\/tr>\n<tr>\n<td><a class=\"link blue\" href=\"https:\/\/hostpro.com\/sk\/linux-vps\/\" target=\"_blank\" rel=\"noopener\"> NVMe VPS-5<\/a><\/td>\n<td style=\"text-align: center;\">480<\/td>\n<td style=\"text-align: center;\">Neobmedzen\u00e9<\/td>\n<td style=\"text-align: center;\">\u00a0<\/td>\n<td style=\"text-align: center;\">12<\/td>\n<td style=\"text-align: center;\">24576<\/td>\n<td style=\"text-align: center;\">Neobmedzen\u00e9<\/td>\n<td style=\"text-align: center;\">DirectAdmin, cPanel (ak si chcete vybra\u0165 in\u00fd panel, kontaktujte na\u0161u podporu)<\/td>\n<td style=\"text-align: center;\">D\u00e1 sa prisp\u00f4sobi\u0165<\/td>\n<td style=\"text-align: center;\">D\u00e1 sa prisp\u00f4sobi\u0165<\/td>\n<\/tr>\n<tr>\n<td><a class=\"link blue\" href=\"https:\/\/hostpro.com\/sk\/linux-vps\/\" target=\"_blank\" rel=\"noopener\"> NVMe VPS-6<\/a><\/td>\n<td style=\"text-align: center;\">640<\/td>\n<td style=\"text-align: center;\">Neobmedzen\u00e9<\/td>\n<td style=\"text-align: center;\">\u00a0<\/td>\n<td style=\"text-align: center;\">16<\/td>\n<td style=\"text-align: center;\">32768<\/td>\n<td style=\"text-align: center;\">Neobmedzen\u00e9<\/td>\n<td style=\"text-align: center;\">DirectAdmin, cPanel (ak si chcete vybra\u0165 in\u00fd panel, kontaktujte na\u0161u podporu)<\/td>\n<td style=\"text-align: center;\">D\u00e1 sa prisp\u00f4sobi\u0165<\/td>\n<td style=\"text-align: center;\">D\u00e1 sa prisp\u00f4sobi\u0165<\/td>\n<\/tr>\n<tr>\n<td><a class=\"link blue\" href=\"https:\/\/hostpro.com\/sk\/linux-vps\/\" target=\"_blank\" rel=\"noopener\"> NVMe VPS-7<\/a><\/td>\n<td style=\"text-align: center;\">800<\/td>\n<td style=\"text-align: center;\">Neobmedzen\u00e9<\/td>\n<td style=\"text-align: center;\">\u00a0<\/td>\n<td style=\"text-align: center;\">20<\/td>\n<td style=\"text-align: center;\">40960<\/td>\n<td style=\"text-align: center;\">Neobmedzen\u00e9<\/td>\n<td style=\"text-align: center;\">DirectAdmin, cPanel (ak si chcete vybra\u0165 in\u00fd panel, kontaktujte na\u0161u podporu)<\/td>\n<td style=\"text-align: center;\">D\u00e1 sa prisp\u00f4sobi\u0165<\/td>\n<td style=\"text-align: center;\">D\u00e1 sa prisp\u00f4sobi\u0165<\/td>\n<\/tr>\n<tr>\n<td><a class=\"link blue\" href=\"https:\/\/hostpro.com\/sk\/linux-vps\/\" target=\"_blank\" rel=\"noopener\"> NVMe VPS-8<\/a><\/td>\n<td style=\"text-align: center;\">960<\/td>\n<td style=\"text-align: center;\">Neobmedzen\u00e9<\/td>\n<td style=\"text-align: center;\">\u00a0<\/td>\n<td style=\"text-align: center;\">24<\/td>\n<td style=\"text-align: center;\">49152<\/td>\n<td style=\"text-align: center;\">Neobmedzen\u00e9<\/td>\n<td style=\"text-align: center;\">DirectAdmin, cPanel (ak si chcete vybra\u0165 in\u00fd panel, kontaktujte na\u0161u podporu)<\/td>\n<td style=\"text-align: center;\">D\u00e1 sa prisp\u00f4sobi\u0165<\/td>\n<td style=\"text-align: center;\">D\u00e1 sa prisp\u00f4sobi\u0165<\/td>\n<\/tr>\n<tr>\n<td><a class=\"link blue\" href=\"https:\/\/hostpro.com\/sk\/cloud-hosting\/\" target=\"_blank\" rel=\"noopener\"> 1 GB<\/a><\/td>\n<td style=\"text-align: center;\">35<\/td>\n<td style=\"text-align: center;\">Neobmedzen\u00e9<\/td>\n<td style=\"text-align: center;\">\u00a0<\/td>\n<td style=\"text-align: center;\">1<\/td>\n<td style=\"text-align: center;\">1024<\/td>\n<td style=\"text-align: center;\">Neobmedzen\u00e9<\/td>\n<td style=\"text-align: center;\">DirectAdmin, cPanel (ak si chcete vybra\u0165 in\u00fd panel, kontaktujte na\u0161u podporu)<\/td>\n<td style=\"text-align: center;\">D\u00e1 sa prisp\u00f4sobi\u0165<\/td>\n<td style=\"text-align: center;\">D\u00e1 sa prisp\u00f4sobi\u0165<\/td>\n<\/tr>\n<tr>\n<td><a class=\"link blue\" href=\"https:\/\/hostpro.com\/sk\/cloud-hosting\/\" target=\"_blank\" rel=\"noopener\"> 2 GB<\/a><\/td>\n<td style=\"text-align: center;\">75<\/td>\n<td style=\"text-align: center;\">Neobmedzen\u00e9<\/td>\n<td style=\"text-align: center;\">\u00a0<\/td>\n<td style=\"text-align: center;\">1<\/td>\n<td style=\"text-align: center;\">2048<\/td>\n<td style=\"text-align: center;\">Neobmedzen\u00e9<\/td>\n<td style=\"text-align: center;\">DirectAdmin, cPanel (ak si chcete vybra\u0165 in\u00fd panel, kontaktujte na\u0161u podporu)<\/td>\n<td style=\"text-align: center;\">D\u00e1 sa prisp\u00f4sobi\u0165<\/td>\n<td style=\"text-align: center;\">D\u00e1 sa prisp\u00f4sobi\u0165<\/td>\n<\/tr>\n<tr>\n<td><a class=\"link blue\" href=\"https:\/\/hostpro.com\/sk\/cloud-hosting\/\" target=\"_blank\" rel=\"noopener\"> 4 GB<\/a><\/td>\n<td style=\"text-align: center;\">100<\/td>\n<td style=\"text-align: center;\">Neobmedzen\u00e9<\/td>\n<td style=\"text-align: center;\">\u00a0<\/td>\n<td style=\"text-align: center;\">2<\/td>\n<td style=\"text-align: center;\">4096<\/td>\n<td style=\"text-align: center;\">Neobmedzen\u00e9<\/td>\n<td style=\"text-align: center;\">DirectAdmin, cPanel (ak si chcete vybra\u0165 in\u00fd panel, kontaktujte na\u0161u podporu)<\/td>\n<td style=\"text-align: center;\">D\u00e1 sa prisp\u00f4sobi\u0165<\/td>\n<td style=\"text-align: center;\">D\u00e1 sa prisp\u00f4sobi\u0165<\/td>\n<\/tr>\n<tr>\n<td><a class=\"link blue\" href=\"https:\/\/hostpro.com\/sk\/cloud-hosting\/\" target=\"_blank\" rel=\"noopener\"> 8 GB<\/a><\/td>\n<td style=\"text-align: center;\">175<\/td>\n<td style=\"text-align: center;\">Neobmedzen\u00e9<\/td>\n<td style=\"text-align: center;\">\u00a0<\/td>\n<td style=\"text-align: center;\">4<\/td>\n<td style=\"text-align: center;\">8192<\/td>\n<td style=\"text-align: center;\">Neobmedzen\u00e9<\/td>\n<td style=\"text-align: center;\">DirectAdmin, cPanel (ak si chcete vybra\u0165 in\u00fd panel, kontaktujte na\u0161u podporu)<\/td>\n<td style=\"text-align: center;\">D\u00e1 sa prisp\u00f4sobi\u0165<\/td>\n<td style=\"text-align: center;\">D\u00e1 sa prisp\u00f4sobi\u0165<\/td>\n<\/tr>\n<tr>\n<td><a class=\"link blue\" href=\"https:\/\/hostpro.com\/sk\/cloud-hosting\/\" target=\"_blank\" rel=\"noopener\"> 10 GB<\/a><\/td>\n<td style=\"text-align: center;\">250<\/td>\n<td style=\"text-align: center;\">Neobmedzen\u00e9<\/td>\n<td style=\"text-align: center;\">\u00a0<\/td>\n<td style=\"text-align: center;\">4<\/td>\n<td style=\"text-align: center;\">10240<\/td>\n<td style=\"text-align: center;\">Neobmedzen\u00e9<\/td>\n<td style=\"text-align: center;\">DirectAdmin, cPanel (ak si chcete vybra\u0165 in\u00fd panel, kontaktujte na\u0161u podporu)<\/td>\n<td style=\"text-align: center;\">D\u00e1 sa prisp\u00f4sobi\u0165<\/td>\n<td style=\"text-align: center;\">D\u00e1 sa prisp\u00f4sobi\u0165<\/td>\n<\/tr>\n<tr>\n<td><a class=\"link blue\" href=\"https:\/\/hostpro.com\/sk\/cloud-hosting\/\" target=\"_blank\" rel=\"noopener\"> 16 GB<\/a><\/td>\n<td style=\"text-align: center;\">350<\/td>\n<td style=\"text-align: center;\">Neobmedzen\u00e9<\/td>\n<td style=\"text-align: center;\">\u00a0<\/td>\n<td style=\"text-align: center;\">6<\/td>\n<td style=\"text-align: center;\">16384<\/td>\n<td style=\"text-align: center;\">Neobmedzen\u00e9<\/td>\n<td style=\"text-align: center;\">DirectAdmin, cPanel (ak si chcete vybra\u0165 in\u00fd panel, kontaktujte na\u0161u podporu)<\/td>\n<td style=\"text-align: center;\">D\u00e1 sa prisp\u00f4sobi\u0165<\/td>\n<td style=\"text-align: center;\">D\u00e1 sa prisp\u00f4sobi\u0165<\/td>\n<\/tr>\n<tr>\n<td><a class=\"link blue\" href=\"https:\/\/hostpro.com\/sk\/cloud-hosting\/\" target=\"_blank\" rel=\"noopener\"> 32 GB<\/a><\/td>\n<td style=\"text-align: center;\">700<\/td>\n<td style=\"text-align: center;\">Neobmedzen\u00e9<\/td>\n<td style=\"text-align: center;\">\u00a0<\/td>\n<td style=\"text-align: center;\">8<\/td>\n<td style=\"text-align: center;\">32768<\/td>\n<td style=\"text-align: center;\">Neobmedzen\u00e9<\/td>\n<td style=\"text-align: center;\">DirectAdmin, cPanel (ak si chcete vybra\u0165 in\u00fd panel, kontaktujte na\u0161u podporu)<\/td>\n<td style=\"text-align: center;\">D\u00e1 sa prisp\u00f4sobi\u0165<\/td>\n<td style=\"text-align: center;\">D\u00e1 sa prisp\u00f4sobi\u0165<\/td>\n<\/tr>\n<\/tbody>\n<\/table>          <\/div>\n        <\/div>\n      <\/div>\n      <\/div>\n<\/section>","protected":false},"excerpt":{"rendered":"","protected":false},"author":11,"featured_media":0,"parent":0,"menu_order":0,"comment_status":"closed","ping_status":"closed","template":"","meta":{"footnotes":""},"class_list":["post-2028","page","type-page","status-publish","hentry"],"yoast_head":"<!-- This site is optimized with the Yoast SEO plugin v26.3 - https:\/\/yoast.com\/wordpress\/plugins\/seo\/ -->\n<title>Limits Table - Hostpro<\/title>\n<meta name=\"robots\" content=\"index, follow, max-snippet:-1, max-image-preview:large, max-video-preview:-1\" \/>\n<link rel=\"canonical\" href=\"https:\/\/hostpro.com\/sk\/limits-table\/\" \/>\n<meta property=\"og:locale\" content=\"sk_SK\" \/>\n<meta property=\"og:type\" content=\"article\" \/>\n<meta property=\"og:title\" content=\"Limits Table - Hostpro\" \/>\n<meta property=\"og:url\" content=\"https:\/\/hostpro.com\/sk\/limits-table\/\" \/>\n<meta property=\"og:site_name\" content=\"Hostpro\" \/>\n<meta property=\"article:modified_time\" content=\"2026-03-18T10:46:35+00:00\" \/>\n<meta property=\"og:image\" content=\"https:\/\/hostpro.com\/wp-content\/themes\/hostpro-com\/app\/img\/media\/2020\/11\/HostPro_preview.png\" \/>\n\t<meta property=\"og:image:width\" content=\"1171\" \/>\n\t<meta property=\"og:image:height\" content=\"615\" \/>\n\t<meta property=\"og:image:type\" content=\"image\/png\" \/>\n<meta name=\"twitter:card\" content=\"summary_large_image\" \/>\n<script type=\"application\/ld+json\" class=\"yoast-schema-graph\">{\"@context\":\"https:\/\/schema.org\",\"@graph\":[{\"@type\":\"WebPage\",\"@id\":\"https:\/\/hostpro.com\/limits-table\/\",\"url\":\"https:\/\/hostpro.com\/limits-table\/\",\"name\":\"Limits Table - Hostpro\",\"isPartOf\":{\"@id\":\"https:\/\/hostpro.com\/#website\"},\"datePublished\":\"2026-03-18T10:46:29+00:00\",\"dateModified\":\"2026-03-18T10:46:35+00:00\",\"breadcrumb\":{\"@id\":\"https:\/\/hostpro.com\/limits-table\/#breadcrumb\"},\"inLanguage\":\"sk-SK\",\"potentialAction\":[{\"@type\":\"ReadAction\",\"target\":[\"https:\/\/hostpro.com\/limits-table\/\"]}]},{\"@type\":\"BreadcrumbList\",\"@id\":\"https:\/\/hostpro.com\/limits-table\/#breadcrumb\",\"itemListElement\":[{\"@type\":\"ListItem\",\"position\":1,\"name\":\"Home\",\"item\":\"https:\/\/hostpro.com\/\"},{\"@type\":\"ListItem\",\"position\":2,\"name\":\"Limits Table\"}]},{\"@type\":\"WebSite\",\"@id\":\"https:\/\/hostpro.com\/#website\",\"url\":\"https:\/\/hostpro.com\/\",\"name\":\"Hostpro\",\"description\":\"\",\"publisher\":{\"@id\":\"https:\/\/hostpro.com\/#organization\"},\"potentialAction\":[{\"@type\":\"SearchAction\",\"target\":{\"@type\":\"EntryPoint\",\"urlTemplate\":\"https:\/\/hostpro.com\/?s={search_term_string}\"},\"query-input\":{\"@type\":\"PropertyValueSpecification\",\"valueRequired\":true,\"valueName\":\"search_term_string\"}}],\"inLanguage\":\"sk-SK\"},{\"@type\":\"Organization\",\"@id\":\"https:\/\/hostpro.com\/#organization\",\"name\":\"Hostpro\",\"url\":\"https:\/\/hostpro.com\/\",\"logo\":{\"@type\":\"ImageObject\",\"inLanguage\":\"sk-SK\",\"@id\":\"https:\/\/hostpro.com\/#\/schema\/logo\/image\/\",\"url\":\"https:\/\/hostpro.com\/wp-content\/themes\/hostpro-com\/app\/img\/media\/2020\/04\/logo_soc.png\",\"contentUrl\":\"https:\/\/hostpro.com\/wp-content\/themes\/hostpro-com\/app\/img\/media\/2020\/04\/logo_soc.png\",\"width\":300,\"height\":300,\"caption\":\"Hostpro\"},\"image\":{\"@id\":\"https:\/\/hostpro.com\/#\/schema\/logo\/image\/\"}}]}<\/script>\n<!-- \/ Yoast SEO plugin. -->","yoast_head_json":{"title":"Tabu\u013eka limitov - Hostpro","robots":{"index":"index","follow":"follow","max-snippet":"max-snippet:-1","max-image-preview":"max-image-preview:large","max-video-preview":"max-video-preview:-1"},"canonical":"https:\/\/hostpro.com\/sk\/limits-table\/","og_locale":"sk_SK","og_type":"article","og_title":"Limits Table - Hostpro","og_url":"https:\/\/hostpro.com\/sk\/limits-table\/","og_site_name":"Hostpro","article_modified_time":"2026-03-18T10:46:35+00:00","og_image":[{"width":1171,"height":615,"url":"https:\/\/hostpro.com\/wp-content\/themes\/hostpro-com\/app\/img\/media\/2020\/11\/HostPro_preview.png","type":"image\/png"}],"twitter_card":"summary_large_image","schema":{"@context":"https:\/\/schema.org","@graph":[{"@type":"WebPage","@id":"https:\/\/hostpro.com\/limits-table\/","url":"https:\/\/hostpro.com\/limits-table\/","name":"Tabu\u013eka limitov - Hostpro","isPartOf":{"@id":"https:\/\/hostpro.com\/#website"},"datePublished":"2026-03-18T10:46:29+00:00","dateModified":"2026-03-18T10:46:35+00:00","breadcrumb":{"@id":"https:\/\/hostpro.com\/limits-table\/#breadcrumb"},"inLanguage":"sk-SK","potentialAction":[{"@type":"ReadAction","target":["https:\/\/hostpro.com\/limits-table\/"]}]},{"@type":"BreadcrumbList","@id":"https:\/\/hostpro.com\/limits-table\/#breadcrumb","itemListElement":[{"@type":"ListItem","position":1,"name":"Home","item":"https:\/\/hostpro.com\/"},{"@type":"ListItem","position":2,"name":"Limits Table"}]},{"@type":"WebSite","@id":"https:\/\/hostpro.com\/#website","url":"https:\/\/hostpro.com\/","name":"Hostpro","description":"","publisher":{"@id":"https:\/\/hostpro.com\/#organization"},"potentialAction":[{"@type":"SearchAction","target":{"@type":"EntryPoint","urlTemplate":"https:\/\/hostpro.com\/?s={search_term_string}"},"query-input":{"@type":"PropertyValueSpecification","valueRequired":true,"valueName":"search_term_string"}}],"inLanguage":"sk-SK"},{"@type":"Organization","@id":"https:\/\/hostpro.com\/#organization","name":"Hostpro","url":"https:\/\/hostpro.com\/","logo":{"@type":"ImageObject","inLanguage":"sk-SK","@id":"https:\/\/hostpro.com\/#\/schema\/logo\/image\/","url":"https:\/\/hostpro.com\/wp-content\/themes\/hostpro-com\/app\/img\/media\/2020\/04\/logo_soc.png","contentUrl":"https:\/\/hostpro.com\/wp-content\/themes\/hostpro-com\/app\/img\/media\/2020\/04\/logo_soc.png","width":300,"height":300,"caption":"Hostpro"},"image":{"@id":"https:\/\/hostpro.com\/#\/schema\/logo\/image\/"}}]}},"_links":{"self":[{"href":"https:\/\/hostpro.com\/sk\/wp-json\/wp\/v2\/pages\/2028","targetHints":{"allow":["GET"]}}],"collection":[{"href":"https:\/\/hostpro.com\/sk\/wp-json\/wp\/v2\/pages"}],"about":[{"href":"https:\/\/hostpro.com\/sk\/wp-json\/wp\/v2\/types\/page"}],"author":[{"embeddable":true,"href":"https:\/\/hostpro.com\/sk\/wp-json\/wp\/v2\/users\/11"}],"replies":[{"embeddable":true,"href":"https:\/\/hostpro.com\/sk\/wp-json\/wp\/v2\/comments?post=2028"}],"version-history":[{"count":3,"href":"https:\/\/hostpro.com\/sk\/wp-json\/wp\/v2\/pages\/2028\/revisions"}],"predecessor-version":[{"id":2033,"href":"https:\/\/hostpro.com\/sk\/wp-json\/wp\/v2\/pages\/2028\/revisions\/2033"}],"wp:attachment":[{"href":"https:\/\/hostpro.com\/sk\/wp-json\/wp\/v2\/media?parent=2028"}],"curies":[{"name":"wp","href":"https:\/\/api.w.org\/{rel}","templated":true}]}}