{"id":2084,"date":"2026-03-19T09:03:44","date_gmt":"2026-03-19T09:03:44","guid":{"rendered":"https:\/\/hostpro.com\/?page_id=2084"},"modified":"2026-03-19T14:01:53","modified_gmt":"2026-03-19T14:01:53","slug":"transfer-site","status":"publish","type":"page","link":"https:\/\/hostpro.com\/sk\/transfer-site","title":{"rendered":"Miesto prenosu"},"content":{"rendered":"<section\n\tclass=\"section section-banner block1   block1--va-center\"\n\t>\n\t<div class=\"container\">\n\t\t<div class=\"row\">\n\t\t\t<div class=\"col-12 col-lg-7 col-xxl-6 block1-content\">\n\t\t\t\t\t\t\t\t\t<h1 class=\"section-title\">Bezplatn\u00fd prenos webov\u00fdch str\u00e1nok<\/h1>\n\t\t\t\t\n\t\t\t\t\t\t\t\t\t<p class=\"section-subtitle\">Va\u0161a cesta k hostingu pokra\u010duje s bezplatn\u00fdm prenosom webovej str\u00e1nky, ktor\u00fd v\u00e1m prin\u00e1\u0161a spolo\u010dnos\u0165 HostPro<\/p>\n\t\t\t\t\n\t\t\t\t\t\t\t\t\t<div class=\"block1-actions\">\n\t\t\t\t\t\t<a href=\"https:\/\/hostpro.com\/billing\/submitticket.php\" class=\"btn btn-primary ga-transfer-site-block1-primary-btn\" style=\"--btn-bg:#71AC34;--btn-color:#ffffff\">Transfer teraz<\/a>\t\t\t\t\t<\/div>\n\t\t\t\t\n\t\t\t\t\t\t\t\t\t<ul class=\"block1-offers\">\n\t\t\t\t\t\t<li>Vysok\u00fd v\u00fdkon <\/li><li>Odborn\u00e1 technick\u00e1 podpora<\/li><li>Jeden mesiac bezplatn\u00e9ho hostingu<\/li>\t\t\t\t\t<\/ul>\n\t\t\t\t\n\t\t\t<\/div>\n\t\t<\/div>\n\t<\/div>\n\n\t<div class=\"block1-image\"><img decoding=\"async\" src=\"\/wp-content\/themes\/hostpro-com\/app\/img\/dist\/banners\/transfer.svg\" alt=\"Banner\" \/><\/div><\/section>\n\n<section\n  class=\"section block4 py-6 default type_3\"\n  style=\"--bg-color:#fff; --text-color:#555;\">\n  <div class=\"container\">\n    <div class=\"row\">\n      <div class=\"col\">\n        <h2 class=\"section-title\">\n          Potrebujete migr\u00e1ciu webov\u00fdch str\u00e1nok, sme v hre!        <\/h2>\n\n              <\/div>\n    <\/div>\n\n    <div class=\"row justify-content-center mt-3\">\n              <div class=\"col-12 col-md-6 col-xl-3 d-flex align-items-stretch\">\n          <div class=\"block4-item\">\n            <div class=\"block4-head\">\n\n                              <h3 class=\"block4-title\">Oslovenie<\/h3>\n                <div class=\"block4-icon\"><img decoding=\"async\" class=\"lazy\" src=\"data:image\/gif;base64,R0lGODlhAQABAIAAAP\/\/\/wAAACH5BAEAAAEALAAAAAABAAEAAAICTAEAOw==\" data-src=\"\/wp-content\/themes\/hostpro-com\/app\/img\/dist\/s_icon\/s_1.svg\" alt=\"Oslovenie\"><\/div>              \n            <\/div>\n\n                                          <div class=\"block4-body\">\n                  <div class=\"block4-text\">\n                    Va\u0161e rozhodnutie je pevne stanoven\u00e9 a vy prenesiete svoje str\u00e1nky na na\u0161u platformu. Va\u0161\u00edm \u010fal\u0161\u00edm krokom je kontaktova\u0165 na\u0161u technick\u00fa podporu alebo otvori\u0165 nov\u00fd ticket. Na\u0161a technick\u00e1 podpora spracuje va\u0161u \u017eiados\u0165 a upresn\u00ed v\u0161etky podrobnosti prenosu. Ak m\u00e1te probl\u00e9my s v\u00fdberom pl\u00e1nu alebo in\u00e9 technick\u00e9 probl\u00e9my, n\u00e1\u0161 t\u00edm je tu pre v\u00e1s.  \n                  <\/div>\n                <\/div>\n                          \n          <\/div>\n        <\/div>\n              <div class=\"col-12 col-md-6 col-xl-3 d-flex align-items-stretch\">\n          <div class=\"block4-item\">\n            <div class=\"block4-head\">\n\n                              <h3 class=\"block4-title\">Migr\u00e1cia lokality<\/h3>\n                <div class=\"block4-icon\"><img decoding=\"async\" class=\"lazy\" src=\"data:image\/gif;base64,R0lGODlhAQABAIAAAP\/\/\/wAAACH5BAEAAAEALAAAAAABAAEAAAICTAEAOw==\" data-src=\"\/wp-content\/themes\/hostpro-com\/app\/img\/dist\/s_icon\/s_2.svg\" alt=\"Migr\u00e1cia lokality\"><\/div>              \n            <\/div>\n\n                                          <div class=\"block4-body\">\n                  <div class=\"block4-text\">\n                    Ke\u010f prenesiete svoje webov\u00e9 str\u00e1nky na na\u0161e servery, \u013eahko ich n\u00e1jdete online. N\u00e1\u0161 technicky zdatn\u00fd t\u00edm dok\u00e1\u017ee va\u0161u webov\u00fa str\u00e1nku prenies\u0165 starostlivo a \u013eahko, tak\u017ee migr\u00e1cia bude pre v\u00e1s bez stresu. S HostPro dostanete svoju firmu pred z\u00e1kazn\u00edkov bez straty drahocenn\u00e9ho \u010dasu. \n                  <\/div>\n                <\/div>\n                          \n          <\/div>\n        <\/div>\n              <div class=\"col-12 col-md-6 col-xl-3 d-flex align-items-stretch\">\n          <div class=\"block4-item\">\n            <div class=\"block4-head\">\n\n                              <h3 class=\"block4-title\">Podrobnosti o vzdel\u00e1van\u00ed<\/h3>\n                <div class=\"block4-icon\"><img decoding=\"async\" class=\"lazy\" src=\"data:image\/gif;base64,R0lGODlhAQABAIAAAP\/\/\/wAAACH5BAEAAAEALAAAAAABAAEAAAICTAEAOw==\" data-src=\"\/wp-content\/themes\/hostpro-com\/app\/img\/dist\/s_icon\/s_3.svg\" alt=\"Podrobnosti o vzdel\u00e1van\u00ed\"><\/div>              \n            <\/div>\n\n                                          <div class=\"block4-body\">\n                  <div class=\"block4-text\">\n                    Hne\u010f po odoslan\u00ed \u017eiadosti o prenos webovej lokality sa \u00fadaje o va\u0161ej lokalite podrobia d\u00f4kladnej anal\u00fdze. Budeme v\u00e1s kontaktova\u0165, aby sme pre\u010diarkli v\u0161etky body a stanovili najlep\u0161\u00ed \u010das a d\u00e1tum prenosu. \u010cas, ktor\u00fd n\u00e1m bude potrebn\u00fd na riadny prenos, bude z\u00e1visie\u0165 od zlo\u017eitosti pr\u00e1ce a po\u010dtu pr\u00edslu\u0161n\u00fdch lokal\u00edt. \n                  <\/div>\n                <\/div>\n                          \n          <\/div>\n        <\/div>\n              <div class=\"col-12 col-md-6 col-xl-3 d-flex align-items-stretch\">\n          <div class=\"block4-item\">\n            <div class=\"block4-head\">\n\n                              <h3 class=\"block4-title\">Pr\u00e1vnick\u00e9 osoby<\/h3>\n                <div class=\"block4-icon\"><img decoding=\"async\" class=\"lazy\" src=\"data:image\/gif;base64,R0lGODlhAQABAIAAAP\/\/\/wAAACH5BAEAAAEALAAAAAABAAEAAAICTAEAOw==\" data-src=\"\/wp-content\/themes\/hostpro-com\/app\/img\/dist\/s_icon\/s_4.svg\" alt=\"Pr\u00e1vnick\u00e9 osoby\"><\/div>              \n            <\/div>\n\n                                          <div class=\"block4-body\">\n                  <div class=\"block4-text\">\n                    Ak ste pr\u00e1vnick\u00e1 osoba, proces prenosu webovej str\u00e1nky sa trochu l\u00ed\u0161i od \u0161tandardn\u00e9ho procesu. Ak chcete ma\u0165 istotu, \u017ee sa va\u0161ej webovej lokalite budeme venova\u0165 naplno, kontaktujte na\u0161e obchodn\u00e9 oddelenie. Preberieme s vami v\u0161etky z\u00e1le\u017eitosti a zabezpe\u010d\u00edme, aby prenos va\u0161ej webovej lokality prebehol bez zd\u013ahav\u00fdch prie\u0165ahov. \n                  <\/div>\n                <\/div>\n                          \n          <\/div>\n        <\/div>\n          <\/div>\n  <\/div>\n<\/section>\n\n\n<section class=\"section block3 py-6\">\n\n  <div class=\"container\">\n\n    <div class=\"row\">\n      <div class=\"col\">\n        <h2 class=\"section-title\">\n          HostPro vy\u010dnieva z davu         <\/h2>\n\n              <\/div>\n    <\/div>\n\n    <div class=\"row\">\n      <div class=\"col\">\n        <div class=\"block3-wrap\">\n\n                      \n            <div class=\"block3-item\">\n\n                              <div class=\"block3-img\">\n                  <img decoding=\"async\"\n                    class=\"lazy\"\n                    src=\"data:image\/gif;base64,R0lGODlhFwASAIAAAP\/\/\/wAAACH5BAEAAAEALAAAAAAXABIAAAISjI+py+0Po5y02ouz3rz7DzIFADs=\"\n                    data-src=\"\/wp-content\/themes\/hostpro-com\/app\/img\/dist\/b_icon\/b_support_main.svg\"\n                    alt=\"ikona\"\n                  \/>\n                <\/div>\n              \n              <div class=\"block3-text\">\n                <h3>Nezlyh\u00e1vaj\u00faca technick\u00e1 podpora<\/h3>\n\n                <div>\n                  Ke\u010f zver\u00edte svoje webov\u00e9 str\u00e1nky na\u0161im technick\u00fdm expertom, s\u00fa v\u00e1m k dispoz\u00edcii 24 hod\u00edn denne, 7 dn\u00ed v t\u00fd\u017edni. Ak m\u00e1te probl\u00e9my s in\u0161tal\u00e1ciou alebo zlo\u017eit\u00fdmi nastaveniami, m\u00f4\u017eeme to urobi\u0165 za v\u00e1s. Ani s technick\u00fdmi probl\u00e9mami nezost\u00e1vate sami, preto\u017ee tieto probl\u00e9my predklad\u00e1te t\u00edmu, ktor\u00fd ich dok\u00e1\u017ee vyrie\u0161i\u0165.\n                <\/div>\n\n                \n              <\/div>\n            <\/div>\n\n                      \n            <div class=\"block3-item\">\n\n                              <div class=\"block3-img\">\n                  <img decoding=\"async\"\n                    class=\"lazy\"\n                    src=\"data:image\/gif;base64,R0lGODlhFwASAIAAAP\/\/\/wAAACH5BAEAAAEALAAAAAAXABIAAAISjI+py+0Po5y02ouz3rz7DzIFADs=\"\n                    data-src=\"\/wp-content\/themes\/hostpro-com\/app\/img\/dist\/b_icon\/b_performance_transfer.svg\"\n                    alt=\"ikona\"\n                  \/>\n                <\/div>\n              \n              <div class=\"block3-text\">\n                <h3>Vysok\u00fd v\u00fdkon<\/h3>\n\n                <div>\n                  Z\u00e1le\u017e\u00ed v\u00e1m na va\u0161om produkte a chcete zabezpe\u010di\u0165, aby va\u0161i pou\u017e\u00edvatelia z\u00edskali bezkonkuren\u010dn\u00fd z\u00e1\u017eitok. Ch\u00e1peme to, a preto sa v\u00e1\u0161 hosting na platforme HostPro vyzna\u010duje r\u00fdchlymi procesormi a v\u00fdkonn\u00fdmi diskami NVMe. Na\u0161e technol\u00f3gie umo\u017e\u0148uj\u00fa, aby va\u0161e str\u00e1nky be\u017eali ako hodinky a na\u010d\u00edtavali sa r\u00fdchlo.  \n                <\/div>\n\n                \n              <\/div>\n            <\/div>\n\n                      \n            <div class=\"block3-item\">\n\n                              <div class=\"block3-img\">\n                  <img decoding=\"async\"\n                    class=\"lazy\"\n                    src=\"data:image\/gif;base64,R0lGODlhFwASAIAAAP\/\/\/wAAACH5BAEAAAEALAAAAAAXABIAAAISjI+py+0Po5y02ouz3rz7DzIFADs=\"\n                    data-src=\"\/wp-content\/themes\/hostpro-com\/app\/img\/dist\/b_icon\/b_free_transfer.svg\"\n                    alt=\"ikona\"\n                  \/>\n                <\/div>\n              \n              <div class=\"block3-text\">\n                <h3>Jeden mesiac zadarmo<\/h3>\n\n                <div>\n                  Ak si objedn\u00e1te n\u00e1\u0161 hosting na rok alebo viac, jeden mesiac hostingu v\u00e1m poskytneme zadarmo. T\u00e1to \u0161peci\u00e1lna ponuka sa vz\u0165ahuje na zdie\u013ean\u00fd webhosting, VPS a cloud hosting od HostPro. Upozor\u0148ujeme, \u017ee t\u00e1to ponuka sa nevz\u0165ahuje na pl\u00e1ny DigitalOcean a Vultr. \n                <\/div>\n\n                \n              <\/div>\n            <\/div>\n\n          \n        <\/div>\n      <\/div>\n    <\/div>\n\n  <\/div>\n\n<\/section>\n\n<section\n  class=\"section block4 py-12 color type_4\"\n  style=\"--bg-color:#3e83f4; --text-color:#ffffff; --block-color:#478cfc;\">\n  <div class=\"container\">\n    <div class=\"row\">\n      <div class=\"col\">\n        <h2 class=\"section-title\">\n          Z\u00edskajte profesion\u00e1lne hostingov\u00e9 slu\u017eby        <\/h2>\n\n              <\/div>\n    <\/div>\n\n    <div class=\"row justify-content-center mt-3\">\n              <div class=\"col-12 col-md-6 col-xl-3 d-flex align-items-stretch\">\n          <div class=\"block4-item\">\n            <div class=\"block4-head\">\n\n                              <div class=\"block4-head__wrap\">\n                  <h3 class=\"block4-title\">Hosting WordPress<\/h3>\n                  <p class=\"block4-subtitle\">za\u010d\u00ednaj\u00fac na <span class=\"price\">3.95<\/span>\/mo<\/p>\n                <\/div>\n                <div class=\"block4-icon\"><img decoding=\"async\" class=\"lazy\" src=\"data:image\/gif;base64,R0lGODlhHwAeAIAAAP\/\/\/wAAACH5BAEAAAEALAAAAAAfAB4AAAIdjI+py+0Po5y02ouz3rz7D4biSJbmiabqyrbuVwAAOw==\" data-src=\"\/wp-content\/themes\/hostpro-com\/app\/img\/dist\/m_icon\/m_5.svg\" alt=\"Hosting WordPress\"><\/div>\n                                  <div class=\"block4-text\">\n                    Migrujeme va\u0161e str\u00e1nky a nain\u0161talujeme najnov\u0161iu verziu WordPress. S\u00fastre\u010fte sa na svoje podnikanie, zatia\u013e \u010do my aktualizujeme a optimalizujeme v\u00fdkon servera. V\u010faka LiteSpeed Web Cache umo\u017en\u00edme v\u00e1\u0161mu webu zvl\u00e1dnu\u0165 ve\u013ek\u00fa n\u00e1v\u0161tevnos\u0165 a ochr\u00e1nime ho pred \u00fatokmi DDoS.                  <\/div>\n                \n              \n            <\/div>\n\n                          <div class=\"block4-body\">\n                                  <div class=\"block4-link\">\n                    <a\n                      href=\"\/sk\/wordpress-hosting\/\"\n                      class=\"btn btn-sm ga-transfer-site-block4-0-card-btn\">\n                      Objedn\u00e1vka                    <\/a>\n                  <\/div>\n                              <\/div>\n            \n          <\/div>\n        <\/div>\n              <div class=\"col-12 col-md-6 col-xl-3 d-flex align-items-stretch\">\n          <div class=\"block4-item\">\n            <div class=\"block4-head\">\n\n                              <div class=\"block4-head__wrap\">\n                  <h3 class=\"block4-title\">Webov\u00fd hosting<\/h3>\n                  <p class=\"block4-subtitle\">za\u010d\u00ednaj\u00fac na <span class=\"price\">3.95<\/span>\/mo<\/p>\n                <\/div>\n                <div class=\"block4-icon\"><img decoding=\"async\" class=\"lazy\" src=\"data:image\/gif;base64,R0lGODlhHwAeAIAAAP\/\/\/wAAACH5BAEAAAEALAAAAAAfAB4AAAIdjI+py+0Po5y02ouz3rz7D4biSJbmiabqyrbuVwAAOw==\" data-src=\"\/wp-content\/themes\/hostpro-com\/app\/img\/dist\/m_icon\/m_6.svg\" alt=\"Webov\u00fd hosting\"><\/div>\n                                  <div class=\"block4-text\">\n                    Ak pr\u00e1ve za\u010d\u00ednate alebo potrebujete obmedzen\u00e9 mno\u017estvo zdrojov, zv\u00e1\u017ete n\u00e1kup webhostingu. N\u00e1\u0161 hostingov\u00fd bal\u00edk obsahuje cPanel, ktor\u00fd zjednodu\u0161uje spr\u00e1vu webov\u00fdch str\u00e1nok a servera.   \n                  <\/div>\n                \n              \n            <\/div>\n\n                          <div class=\"block4-body\">\n                                  <div class=\"block4-link\">\n                    <a\n                      href=\"\/sk\/web-hosting\/\"\n                      class=\"btn btn-sm ga-transfer-site-block4-1-card-btn\">\n                      Objedn\u00e1vka                    <\/a>\n                  <\/div>\n                              <\/div>\n            \n          <\/div>\n        <\/div>\n              <div class=\"col-12 col-md-6 col-xl-3 d-flex align-items-stretch\">\n          <div class=\"block4-item\">\n            <div class=\"block4-head\">\n\n                              <div class=\"block4-head__wrap\">\n                  <h3 class=\"block4-title\">Cloudov\u00fd hosting<\/h3>\n                  <p class=\"block4-subtitle\">za\u010d\u00ednaj\u00fac na <span class=\"price\">10<\/span>\/mo<\/p>\n                <\/div>\n                <div class=\"block4-icon\"><img decoding=\"async\" class=\"lazy\" src=\"data:image\/gif;base64,R0lGODlhHwAeAIAAAP\/\/\/wAAACH5BAEAAAEALAAAAAAfAB4AAAIdjI+py+0Po5y02ouz3rz7D4biSJbmiabqyrbuVwAAOw==\" data-src=\"\/wp-content\/themes\/hostpro-com\/app\/img\/dist\/m_icon\/m_7.svg\" alt=\"Cloudov\u00fd hosting\"><\/div>\n                                  <div class=\"block4-text\">\n                    M\u00f4\u017eete si by\u0165 ist\u00ed, \u017ee syst\u00e9m a prev\u00e1dzka va\u0161ich str\u00e1nok s\u00fa zabezpe\u010den\u00e9. M\u00f4\u017eete si slobodne vybra\u0165 hosting na na\u0161ej platforme s v\u00e4\u010d\u0161\u00edm mno\u017estvom zdrojov. Ak ste v\u0161ak rozhodnut\u00ed k\u00fapi\u0165 si pl\u00e1n DigitalOcean alebo Vultr, urobte tak.  \n                  <\/div>\n                \n              \n            <\/div>\n\n                          <div class=\"block4-body\">\n                                  <div class=\"block4-link\">\n                    <a\n                      href=\"\/sk\/cloud-hosting\/\"\n                      class=\"btn btn-sm ga-transfer-site-block4-2-card-btn\">\n                      Objedn\u00e1vka                    <\/a>\n                  <\/div>\n                              <\/div>\n            \n          <\/div>\n        <\/div>\n              <div class=\"col-12 col-md-6 col-xl-3 d-flex align-items-stretch\">\n          <div class=\"block4-item\">\n            <div class=\"block4-head\">\n\n                              <div class=\"block4-head__wrap\">\n                  <h3 class=\"block4-title\">Hosting VPS<\/h3>\n                  <p class=\"block4-subtitle\">za\u010d\u00ednaj\u00fac na <span class=\"price\">10<\/span>\/mo<\/p>\n                <\/div>\n                <div class=\"block4-icon\"><img decoding=\"async\" class=\"lazy\" src=\"data:image\/gif;base64,R0lGODlhHwAeAIAAAP\/\/\/wAAACH5BAEAAAEALAAAAAAfAB4AAAIdjI+py+0Po5y02ouz3rz7D4biSJbmiabqyrbuVwAAOw==\" data-src=\"\/wp-content\/themes\/hostpro-com\/app\/img\/dist\/m_icon\/m_8.svg\" alt=\"Hosting VPS\"><\/div>\n                                  <div class=\"block4-text\">\n                    Na\u0161e disky NVMe poskytuj\u00fa bezprobl\u00e9mov\u00fd v\u00fdkon a v\u00fddr\u017e pri vysokom pracovnom za\u0165a\u017een\u00ed. E\u0161te lep\u0161ie je, \u017ee n\u00e1\u0161 procesor je r\u00fdchly, \u010do v\u00e1m umo\u017en\u00ed vykon\u00e1va\u0165 programy a spracov\u00e1va\u0165 po\u017eiadavky na inform\u00e1cie t\u00fdm najefekt\u00edvnej\u0161\u00edm sp\u00f4sobom. \n                  <\/div>\n                \n              \n            <\/div>\n\n                          <div class=\"block4-body\">\n                                  <div class=\"block4-link\">\n                    <a\n                      href=\"\/sk\/linux-vps\/\"\n                      class=\"btn btn-sm ga-transfer-site-block4-3-card-btn\">\n                      Objedn\u00e1vka                    <\/a>\n                  <\/div>\n                              <\/div>\n            \n          <\/div>\n        <\/div>\n          <\/div>\n  <\/div>\n<\/section>","protected":false},"excerpt":{"rendered":"","protected":false},"author":11,"featured_media":0,"parent":0,"menu_order":0,"comment_status":"closed","ping_status":"closed","template":"","meta":{"footnotes":""},"class_list":["post-2084","page","type-page","status-publish","hentry"],"yoast_head":"<!-- This site is optimized with the Yoast SEO plugin v26.3 - https:\/\/yoast.com\/wordpress\/plugins\/seo\/ -->\n<title>Transfer Site - Hostpro<\/title>\n<meta name=\"robots\" content=\"index, follow, max-snippet:-1, max-image-preview:large, max-video-preview:-1\" \/>\n<link rel=\"canonical\" href=\"https:\/\/hostpro.com\/sk\/transfer-site\/\" \/>\n<meta property=\"og:locale\" content=\"sk_SK\" \/>\n<meta property=\"og:type\" content=\"article\" \/>\n<meta property=\"og:title\" content=\"Transfer Site - Hostpro\" \/>\n<meta property=\"og:url\" content=\"https:\/\/hostpro.com\/sk\/transfer-site\/\" \/>\n<meta property=\"og:site_name\" content=\"Hostpro\" \/>\n<meta property=\"article:modified_time\" content=\"2026-03-19T14:01:53+00:00\" \/>\n<meta property=\"og:image\" content=\"https:\/\/hostpro.com\/wp-content\/themes\/hostpro-com\/app\/img\/media\/2020\/11\/HostPro_preview.png\" \/>\n\t<meta property=\"og:image:width\" content=\"1171\" \/>\n\t<meta property=\"og:image:height\" content=\"615\" \/>\n\t<meta property=\"og:image:type\" content=\"image\/png\" \/>\n<meta name=\"twitter:card\" content=\"summary_large_image\" \/>\n<script type=\"application\/ld+json\" class=\"yoast-schema-graph\">{\"@context\":\"https:\/\/schema.org\",\"@graph\":[{\"@type\":\"WebPage\",\"@id\":\"https:\/\/hostpro.com\/transfer-site\/\",\"url\":\"https:\/\/hostpro.com\/transfer-site\/\",\"name\":\"Transfer Site - Hostpro\",\"isPartOf\":{\"@id\":\"https:\/\/hostpro.com\/#website\"},\"datePublished\":\"2026-03-19T09:03:44+00:00\",\"dateModified\":\"2026-03-19T14:01:53+00:00\",\"breadcrumb\":{\"@id\":\"https:\/\/hostpro.com\/transfer-site\/#breadcrumb\"},\"inLanguage\":\"sk-SK\",\"potentialAction\":[{\"@type\":\"ReadAction\",\"target\":[\"https:\/\/hostpro.com\/transfer-site\/\"]}]},{\"@type\":\"BreadcrumbList\",\"@id\":\"https:\/\/hostpro.com\/transfer-site\/#breadcrumb\",\"itemListElement\":[{\"@type\":\"ListItem\",\"position\":1,\"name\":\"Home\",\"item\":\"https:\/\/hostpro.com\/\"},{\"@type\":\"ListItem\",\"position\":2,\"name\":\"Transfer Site\"}]},{\"@type\":\"WebSite\",\"@id\":\"https:\/\/hostpro.com\/#website\",\"url\":\"https:\/\/hostpro.com\/\",\"name\":\"Hostpro\",\"description\":\"\",\"publisher\":{\"@id\":\"https:\/\/hostpro.com\/#organization\"},\"potentialAction\":[{\"@type\":\"SearchAction\",\"target\":{\"@type\":\"EntryPoint\",\"urlTemplate\":\"https:\/\/hostpro.com\/?s={search_term_string}\"},\"query-input\":{\"@type\":\"PropertyValueSpecification\",\"valueRequired\":true,\"valueName\":\"search_term_string\"}}],\"inLanguage\":\"sk-SK\"},{\"@type\":\"Organization\",\"@id\":\"https:\/\/hostpro.com\/#organization\",\"name\":\"Hostpro\",\"url\":\"https:\/\/hostpro.com\/\",\"logo\":{\"@type\":\"ImageObject\",\"inLanguage\":\"sk-SK\",\"@id\":\"https:\/\/hostpro.com\/#\/schema\/logo\/image\/\",\"url\":\"https:\/\/hostpro.com\/wp-content\/themes\/hostpro-com\/app\/img\/media\/2020\/04\/logo_soc.png\",\"contentUrl\":\"https:\/\/hostpro.com\/wp-content\/themes\/hostpro-com\/app\/img\/media\/2020\/04\/logo_soc.png\",\"width\":300,\"height\":300,\"caption\":\"Hostpro\"},\"image\":{\"@id\":\"https:\/\/hostpro.com\/#\/schema\/logo\/image\/\"}}]}<\/script>\n<!-- \/ Yoast SEO plugin. -->","yoast_head_json":{"title":"Prenos str\u00e1nky - Hostpro","robots":{"index":"index","follow":"follow","max-snippet":"max-snippet:-1","max-image-preview":"max-image-preview:large","max-video-preview":"max-video-preview:-1"},"canonical":"https:\/\/hostpro.com\/sk\/transfer-site\/","og_locale":"sk_SK","og_type":"article","og_title":"Transfer Site - Hostpro","og_url":"https:\/\/hostpro.com\/sk\/transfer-site\/","og_site_name":"Hostpro","article_modified_time":"2026-03-19T14:01:53+00:00","og_image":[{"width":1171,"height":615,"url":"https:\/\/hostpro.com\/wp-content\/themes\/hostpro-com\/app\/img\/media\/2020\/11\/HostPro_preview.png","type":"image\/png"}],"twitter_card":"summary_large_image","schema":{"@context":"https:\/\/schema.org","@graph":[{"@type":"WebPage","@id":"https:\/\/hostpro.com\/transfer-site\/","url":"https:\/\/hostpro.com\/transfer-site\/","name":"Prenos str\u00e1nky - Hostpro","isPartOf":{"@id":"https:\/\/hostpro.com\/#website"},"datePublished":"2026-03-19T09:03:44+00:00","dateModified":"2026-03-19T14:01:53+00:00","breadcrumb":{"@id":"https:\/\/hostpro.com\/transfer-site\/#breadcrumb"},"inLanguage":"sk-SK","potentialAction":[{"@type":"ReadAction","target":["https:\/\/hostpro.com\/transfer-site\/"]}]},{"@type":"BreadcrumbList","@id":"https:\/\/hostpro.com\/transfer-site\/#breadcrumb","itemListElement":[{"@type":"ListItem","position":1,"name":"Home","item":"https:\/\/hostpro.com\/"},{"@type":"ListItem","position":2,"name":"Transfer Site"}]},{"@type":"WebSite","@id":"https:\/\/hostpro.com\/#website","url":"https:\/\/hostpro.com\/","name":"Hostpro","description":"","publisher":{"@id":"https:\/\/hostpro.com\/#organization"},"potentialAction":[{"@type":"SearchAction","target":{"@type":"EntryPoint","urlTemplate":"https:\/\/hostpro.com\/?s={search_term_string}"},"query-input":{"@type":"PropertyValueSpecification","valueRequired":true,"valueName":"search_term_string"}}],"inLanguage":"sk-SK"},{"@type":"Organization","@id":"https:\/\/hostpro.com\/#organization","name":"Hostpro","url":"https:\/\/hostpro.com\/","logo":{"@type":"ImageObject","inLanguage":"sk-SK","@id":"https:\/\/hostpro.com\/#\/schema\/logo\/image\/","url":"https:\/\/hostpro.com\/wp-content\/themes\/hostpro-com\/app\/img\/media\/2020\/04\/logo_soc.png","contentUrl":"https:\/\/hostpro.com\/wp-content\/themes\/hostpro-com\/app\/img\/media\/2020\/04\/logo_soc.png","width":300,"height":300,"caption":"Hostpro"},"image":{"@id":"https:\/\/hostpro.com\/#\/schema\/logo\/image\/"}}]}},"_links":{"self":[{"href":"https:\/\/hostpro.com\/sk\/wp-json\/wp\/v2\/pages\/2084","targetHints":{"allow":["GET"]}}],"collection":[{"href":"https:\/\/hostpro.com\/sk\/wp-json\/wp\/v2\/pages"}],"about":[{"href":"https:\/\/hostpro.com\/sk\/wp-json\/wp\/v2\/types\/page"}],"author":[{"embeddable":true,"href":"https:\/\/hostpro.com\/sk\/wp-json\/wp\/v2\/users\/11"}],"replies":[{"embeddable":true,"href":"https:\/\/hostpro.com\/sk\/wp-json\/wp\/v2\/comments?post=2084"}],"version-history":[{"count":3,"href":"https:\/\/hostpro.com\/sk\/wp-json\/wp\/v2\/pages\/2084\/revisions"}],"predecessor-version":[{"id":2158,"href":"https:\/\/hostpro.com\/sk\/wp-json\/wp\/v2\/pages\/2084\/revisions\/2158"}],"wp:attachment":[{"href":"https:\/\/hostpro.com\/sk\/wp-json\/wp\/v2\/media?parent=2084"}],"curies":[{"name":"wp","href":"https:\/\/api.w.org\/{rel}","templated":true}]}}